{"id":3848,"date":"2025-11-09T19:07:59","date_gmt":"2025-11-09T19:07:59","guid":{"rendered":"https:\/\/tatlitesadufler.com\/about-the-book\/"},"modified":"2025-11-13T09:48:21","modified_gmt":"2025-11-13T09:48:21","slug":"about-the-book","status":"publish","type":"page","link":"https:\/\/tatlitesadufler.com\/en\/about-the-book\/","title":{"rendered":"About the Book"},"content":{"rendered":"\t\t<div data-elementor-type=\"wp-page\" data-elementor-id=\"3848\" class=\"elementor elementor-3848 elementor-3747\">\n\t\t\t\t<div class=\"elementor-element elementor-element-15ce2b3 e-flex e-con-boxed e-con e-parent\" data-id=\"15ce2b3\" data-element_type=\"container\" data-settings=\"{&quot;background_background&quot;:&quot;classic&quot;}\">\n\t\t\t\t\t<div class=\"e-con-inner\">\n\t\t<div class=\"elementor-element elementor-element-f787a9d e-con-full e-flex e-con e-child\" data-id=\"f787a9d\" data-element_type=\"container\">\n\t\t\t\t<div class=\"elementor-element elementor-element-34efa7a elementor-widget elementor-widget-heading\" data-id=\"34efa7a\" data-element_type=\"widget\" data-widget_type=\"heading.default\">\n\t\t\t\t<div class=\"elementor-widget-container\">\n\t\t\t\t\t<h2 class=\"elementor-heading-title elementor-size-default\">About the Book<\/h2>\t\t\t\t<\/div>\n\t\t\t\t<\/div>\n\t\t\t\t<div class=\"elementor-element elementor-element-6463e14 elementor-widget-divider--view-line elementor-widget elementor-widget-divider\" data-id=\"6463e14\" data-element_type=\"widget\" data-widget_type=\"divider.default\">\n\t\t\t\t<div class=\"elementor-widget-container\">\n\t\t\t\t\t\t\t<div class=\"elementor-divider\">\n\t\t\t<span class=\"elementor-divider-separator\">\n\t\t\t\t\t\t<\/span>\n\t\t<\/div>\n\t\t\t\t\t\t<\/div>\n\t\t\t\t<\/div>\n\t\t\t\t<\/div>\n\t\t\t\t\t<\/div>\n\t\t\t\t<\/div>\n\t\t<div class=\"elementor-element elementor-element-fedbaa7 e-flex e-con-boxed e-con e-parent\" data-id=\"fedbaa7\" data-element_type=\"container\" data-settings=\"{&quot;background_background&quot;:&quot;classic&quot;}\">\n\t\t\t\t\t<div class=\"e-con-inner\">\n\t\t<div class=\"elementor-element elementor-element-6f44c62 e-con-full e-flex e-con e-child\" data-id=\"6f44c62\" data-element_type=\"container\">\n\t\t\t\t<div class=\"elementor-element elementor-element-864ff67 elementor-widget elementor-widget-heading\" data-id=\"864ff67\" data-element_type=\"widget\" data-widget_type=\"heading.default\">\n\t\t\t\t<div class=\"elementor-widget-container\">\n\t\t\t\t\t<h5 class=\"elementor-heading-title elementor-size-default\">Sweet Coincidences<\/h5>\t\t\t\t<\/div>\n\t\t\t\t<\/div>\n\t\t\t\t<div class=\"elementor-element elementor-element-891b90c elementor-widget-divider--view-line elementor-widget elementor-widget-divider\" data-id=\"891b90c\" data-element_type=\"widget\" data-widget_type=\"divider.default\">\n\t\t\t\t<div class=\"elementor-widget-container\">\n\t\t\t\t\t\t\t<div class=\"elementor-divider\">\n\t\t\t<span class=\"elementor-divider-separator\">\n\t\t\t\t\t\t<\/span>\n\t\t<\/div>\n\t\t\t\t\t\t<\/div>\n\t\t\t\t<\/div>\n\t\t\t\t<div class=\"elementor-element elementor-element-be95f36 elementor-widget elementor-widget-text-editor\" data-id=\"be95f36\" data-element_type=\"widget\" data-widget_type=\"text-editor.default\">\n\t\t\t\t<div class=\"elementor-widget-container\">\n\t\t\t\t\t\t\t\t\t<p>Life sometimes leads people down completely different paths through small coincidences.<br data-start=\"591\" data-end=\"594\">The intersecting story of \u00d6zel T\u00fcrkba\u015f and Ayhan T\u00fcrkba\u015f is not just a love story;<br data-start=\"670\" data-end=\"673\">it is the story of art, culture, and an era in Turkey.<\/p>\t\t\t\t\t\t\t\t<\/div>\n\t\t\t\t<\/div>\n\t\t\t\t<div class=\"elementor-element elementor-element-70d5128 elementor-widget elementor-widget-text-editor\" data-id=\"70d5128\" data-element_type=\"widget\" data-widget_type=\"text-editor.default\">\n\t\t\t\t<div class=\"elementor-widget-container\">\n\t\t\t\t\t\t\t\t\t<blockquote data-start=\"1028\" data-end=\"1334\"><p data-start=\"1030\" data-end=\"1334\">&#8220;Sweet Coincidences&#8221; is a biographical work that tells the turning points in the lives of \u00d6zel and Ayhan T\u00fcrkba\u015f.<br data-start=\"1137\" data-end=\"1140\">The book spans from the magic of the stage to the years in America, to the story of returning to Turkey.<br data-start=\"1234\" data-end=\"1237\">While presenting a portrait of a cultural era, it takes the reader on a journey filled with love, determination, and art.<\/p><\/blockquote><p data-start=\"1336\" data-end=\"1349\"> <\/p>\t\t\t\t\t\t\t\t<\/div>\n\t\t\t\t<\/div>\n\t\t\t\t<\/div>\n\t\t\t\t\t<\/div>\n\t\t\t\t<\/div>\n\t\t<div class=\"elementor-element elementor-element-9a6f612 e-flex e-con-boxed e-con e-parent\" data-id=\"9a6f612\" data-element_type=\"container\" data-settings=\"{&quot;background_background&quot;:&quot;classic&quot;}\">\n\t\t\t\t\t<div class=\"e-con-inner\">\n\t\t<div class=\"elementor-element elementor-element-0f2a745 e-con-full e-flex e-con e-child\" data-id=\"0f2a745\" data-element_type=\"container\">\n\t\t\t\t<div class=\"elementor-element elementor-element-d0bc608 elementor-widget elementor-widget-heading\" data-id=\"d0bc608\" data-element_type=\"widget\" data-widget_type=\"heading.default\">\n\t\t\t\t<div class=\"elementor-widget-container\">\n\t\t\t\t\t<h5 class=\"elementor-heading-title elementor-size-default\">Quotes from the Book (Lines That Impact Readers)<\/h5>\t\t\t\t<\/div>\n\t\t\t\t<\/div>\n\t\t\t\t<div class=\"elementor-element elementor-element-b47e12d elementor-widget-divider--view-line elementor-widget elementor-widget-divider\" data-id=\"b47e12d\" data-element_type=\"widget\" data-widget_type=\"divider.default\">\n\t\t\t\t<div class=\"elementor-widget-container\">\n\t\t\t\t\t\t\t<div class=\"elementor-divider\">\n\t\t\t<span class=\"elementor-divider-separator\">\n\t\t\t\t\t\t<\/span>\n\t\t<\/div>\n\t\t\t\t\t\t<\/div>\n\t\t\t\t<\/div>\n\t\t\t\t<div class=\"elementor-element elementor-element-43ccb7c elementor-widget elementor-widget-text-editor\" data-id=\"43ccb7c\" data-element_type=\"widget\" data-widget_type=\"text-editor.default\">\n\t\t\t\t<div class=\"elementor-widget-container\">\n\t\t\t\t\t\t\t\t\t<blockquote data-start=\"1028\" data-end=\"1334\"><p data-start=\"2118\" data-end=\"2182\">&#8220;The sweetest coincidence life offered us was finding each other.&#8221;<\/p><p data-start=\"2189\" data-end=\"2249\">&#8220;Art is the most beautiful way to challenge time that forgets us.&#8221;<\/p><\/blockquote>\t\t\t\t\t\t\t\t<\/div>\n\t\t\t\t<\/div>\n\t\t\t\t<\/div>\n\t\t\t\t\t<\/div>\n\t\t\t\t<\/div>\n\t\t\t\t<\/div>\n\t\t","protected":false},"excerpt":{"rendered":"<p>About the Book Sweet Coincidences Life sometimes leads people down completely different paths through small coincidences.The intersecting story of \u00d6zel T\u00fcrkba\u015f and Ayhan T\u00fcrkba\u015f is not just a love story;it is the story of art, culture, and an era in Turkey. &#8220;Sweet Coincidences&#8221; is a biographical work that tells the turning points in the lives [&hellip;]<\/p>\n","protected":false},"author":1,"featured_media":0,"parent":0,"menu_order":0,"comment_status":"closed","ping_status":"closed","template":"","meta":{"_uag_custom_page_level_css":"","site-sidebar-layout":"no-sidebar","site-content-layout":"page-builder","ast-site-content-layout":"default","site-content-style":"default","site-sidebar-style":"default","ast-global-header-display":"","ast-banner-title-visibility":"","ast-main-header-display":"","ast-hfb-above-header-display":"","ast-hfb-below-header-display":"","ast-hfb-mobile-header-display":"","site-post-title":"disabled","ast-breadcrumbs-content":"disabled","ast-featured-img":"disabled","footer-sml-layout":"","theme-transparent-header-meta":"enabled","adv-header-id-meta":"","stick-header-meta":"","header-above-stick-meta":"","header-main-stick-meta":"","header-below-stick-meta":"","astra-migrate-meta-layouts":"default","ast-page-background-enabled":"default","ast-page-background-meta":{"desktop":{"background-color":"","background-image":"","background-repeat":"repeat","background-position":"center center","background-size":"auto","background-attachment":"scroll","background-type":"","background-media":"","overlay-type":"","overlay-color":"","overlay-opacity":"","overlay-gradient":""},"tablet":{"background-color":"","background-image":"","background-repeat":"repeat","background-position":"center center","background-size":"auto","background-attachment":"scroll","background-type":"","background-media":"","overlay-type":"","overlay-color":"","overlay-opacity":"","overlay-gradient":""},"mobile":{"background-color":"","background-image":"","background-repeat":"repeat","background-position":"center center","background-size":"auto","background-attachment":"scroll","background-type":"","background-media":"","overlay-type":"","overlay-color":"","overlay-opacity":"","overlay-gradient":""}},"ast-content-background-meta":{"desktop":{"background-color":"var(--ast-global-color-5)","background-image":"","background-repeat":"repeat","background-position":"center center","background-size":"auto","background-attachment":"scroll","background-type":"","background-media":"","overlay-type":"","overlay-color":"","overlay-opacity":"","overlay-gradient":""},"tablet":{"background-color":"var(--ast-global-color-5)","background-image":"","background-repeat":"repeat","background-position":"center center","background-size":"auto","background-attachment":"scroll","background-type":"","background-media":"","overlay-type":"","overlay-color":"","overlay-opacity":"","overlay-gradient":""},"mobile":{"background-color":"var(--ast-global-color-5)","background-image":"","background-repeat":"repeat","background-position":"center center","background-size":"auto","background-attachment":"scroll","background-type":"","background-media":"","overlay-type":"","overlay-color":"","overlay-opacity":"","overlay-gradient":""}},"footnotes":""},"class_list":["post-3848","page","type-page","status-publish","hentry"],"uagb_featured_image_src":{"full":false,"thumbnail":false,"medium":false,"medium_large":false,"large":false,"1536x1536":false,"2048x2048":false},"uagb_author_info":{"display_name":"theadmin","author_link":"https:\/\/tatlitesadufler.com\/en\/author\/theadmin\/"},"uagb_comment_info":0,"uagb_excerpt":"About the Book Sweet Coincidences Life sometimes leads people down completely different paths through small coincidences.The intersecting story of \u00d6zel T\u00fcrkba\u015f and Ayhan T\u00fcrkba\u015f is not just a love story;it is the story of art, culture, and an era in Turkey. &#8220;Sweet Coincidences&#8221; is a biographical work that tells the turning points in the lives&hellip;","_links":{"self":[{"href":"https:\/\/tatlitesadufler.com\/en\/wp-json\/wp\/v2\/pages\/3848","targetHints":{"allow":["GET"]}}],"collection":[{"href":"https:\/\/tatlitesadufler.com\/en\/wp-json\/wp\/v2\/pages"}],"about":[{"href":"https:\/\/tatlitesadufler.com\/en\/wp-json\/wp\/v2\/types\/page"}],"author":[{"embeddable":true,"href":"https:\/\/tatlitesadufler.com\/en\/wp-json\/wp\/v2\/users\/1"}],"replies":[{"embeddable":true,"href":"https:\/\/tatlitesadufler.com\/en\/wp-json\/wp\/v2\/comments?post=3848"}],"version-history":[{"count":7,"href":"https:\/\/tatlitesadufler.com\/en\/wp-json\/wp\/v2\/pages\/3848\/revisions"}],"predecessor-version":[{"id":4007,"href":"https:\/\/tatlitesadufler.com\/en\/wp-json\/wp\/v2\/pages\/3848\/revisions\/4007"}],"wp:attachment":[{"href":"https:\/\/tatlitesadufler.com\/en\/wp-json\/wp\/v2\/media?parent=3848"}],"curies":[{"name":"wp","href":"https:\/\/api.w.org\/{rel}","templated":true}]}}