{"id":3844,"date":"2025-11-09T18:16:21","date_gmt":"2025-11-09T18:16:21","guid":{"rendered":"https:\/\/tatlitesadufler.com\/author\/"},"modified":"2025-11-12T12:23:06","modified_gmt":"2025-11-12T12:23:06","slug":"author","status":"publish","type":"page","link":"https:\/\/tatlitesadufler.com\/en\/author\/","title":{"rendered":"Author"},"content":{"rendered":"\t\t<div data-elementor-type=\"wp-page\" data-elementor-id=\"3844\" class=\"elementor elementor-3844 elementor-3731\">\n\t\t\t\t<div class=\"elementor-element elementor-element-15ce2b3 e-flex e-con-boxed e-con e-parent\" data-id=\"15ce2b3\" data-element_type=\"container\" data-e-type=\"container\" data-settings=\"{&quot;background_background&quot;:&quot;classic&quot;}\">\n\t\t\t\t\t<div class=\"e-con-inner\">\n\t\t<div class=\"elementor-element elementor-element-f787a9d e-con-full e-flex e-con e-child\" data-id=\"f787a9d\" data-element_type=\"container\" data-e-type=\"container\">\n\t\t\t\t<div class=\"elementor-element elementor-element-34efa7a elementor-widget elementor-widget-heading\" data-id=\"34efa7a\" data-element_type=\"widget\" data-e-type=\"widget\" data-widget_type=\"heading.default\">\n\t\t\t\t<div class=\"elementor-widget-container\">\n\t\t\t\t\t<h2 class=\"elementor-heading-title elementor-size-default\">About Deniz T\u00fcrkba\u015f<\/h2>\t\t\t\t<\/div>\n\t\t\t\t<\/div>\n\t\t\t\t<div class=\"elementor-element elementor-element-6463e14 elementor-widget-divider--view-line elementor-widget elementor-widget-divider\" data-id=\"6463e14\" data-element_type=\"widget\" data-e-type=\"widget\" data-widget_type=\"divider.default\">\n\t\t\t\t<div class=\"elementor-widget-container\">\n\t\t\t\t\t\t\t<div class=\"elementor-divider\">\n\t\t\t<span class=\"elementor-divider-separator\">\n\t\t\t\t\t\t<\/span>\n\t\t<\/div>\n\t\t\t\t\t\t<\/div>\n\t\t\t\t<\/div>\n\t\t\t\t<\/div>\n\t\t\t\t\t<\/div>\n\t\t\t\t<\/div>\n\t\t<div class=\"elementor-element elementor-element-fedbaa7 e-flex e-con-boxed e-con e-parent\" data-id=\"fedbaa7\" data-element_type=\"container\" data-e-type=\"container\" data-settings=\"{&quot;background_background&quot;:&quot;classic&quot;}\">\n\t\t\t\t\t<div class=\"e-con-inner\">\n\t\t<div class=\"elementor-element elementor-element-a8dfc12 e-con-full e-flex e-con e-child\" data-id=\"a8dfc12\" data-element_type=\"container\" data-e-type=\"container\" data-settings=\"{&quot;background_background&quot;:&quot;classic&quot;}\">\n\t\t\t\t<div class=\"elementor-element elementor-element-d3fd550 elementor-widget elementor-widget-image\" data-id=\"d3fd550\" data-element_type=\"widget\" data-e-type=\"widget\" data-widget_type=\"image.default\">\n\t\t\t\t<div class=\"elementor-widget-container\">\n\t\t\t\t\t\t\t\t\t\t\t\t\t\t\t<img fetchpriority=\"high\" decoding=\"async\" width=\"1080\" height=\"1080\" src=\"https:\/\/tatlitesadufler.com\/wp-content\/uploads\/2025\/11\/Deniz-Turkbas.jpg\" class=\"attachment-full size-full wp-image-3837\" alt=\"\" srcset=\"https:\/\/tatlitesadufler.com\/wp-content\/uploads\/2025\/11\/Deniz-Turkbas.jpg 1080w, https:\/\/tatlitesadufler.com\/wp-content\/uploads\/2025\/11\/Deniz-Turkbas-300x300.jpg 300w, https:\/\/tatlitesadufler.com\/wp-content\/uploads\/2025\/11\/Deniz-Turkbas-1024x1024.jpg 1024w, https:\/\/tatlitesadufler.com\/wp-content\/uploads\/2025\/11\/Deniz-Turkbas-150x150.jpg 150w, https:\/\/tatlitesadufler.com\/wp-content\/uploads\/2025\/11\/Deniz-Turkbas-768x768.jpg 768w\" sizes=\"(max-width: 1080px) 100vw, 1080px\" \/>\t\t\t\t\t\t\t\t\t\t\t\t\t\t\t<\/div>\n\t\t\t\t<\/div>\n\t\t\t\t<\/div>\n\t\t<div class=\"elementor-element elementor-element-6f44c62 e-con-full e-flex e-con e-child\" data-id=\"6f44c62\" data-element_type=\"container\" data-e-type=\"container\">\n\t\t\t\t<div class=\"elementor-element elementor-element-864ff67 elementor-widget elementor-widget-heading\" data-id=\"864ff67\" data-element_type=\"widget\" data-e-type=\"widget\" data-widget_type=\"heading.default\">\n\t\t\t\t<div class=\"elementor-widget-container\">\n\t\t\t\t\t<h5 class=\"elementor-heading-title elementor-size-default\">Author: Deniz T\u00fcrkba\u015f<\/h5>\t\t\t\t<\/div>\n\t\t\t\t<\/div>\n\t\t\t\t<div class=\"elementor-element elementor-element-891b90c elementor-widget-divider--view-line elementor-widget elementor-widget-divider\" data-id=\"891b90c\" data-element_type=\"widget\" data-e-type=\"widget\" data-widget_type=\"divider.default\">\n\t\t\t\t<div class=\"elementor-widget-container\">\n\t\t\t\t\t\t\t<div class=\"elementor-divider\">\n\t\t\t<span class=\"elementor-divider-separator\">\n\t\t\t\t\t\t<\/span>\n\t\t<\/div>\n\t\t\t\t\t\t<\/div>\n\t\t\t\t<\/div>\n\t\t\t\t<div class=\"elementor-element elementor-element-be95f36 elementor-widget elementor-widget-text-editor\" data-id=\"be95f36\" data-element_type=\"widget\" data-e-type=\"widget\" data-widget_type=\"text-editor.default\">\n\t\t\t\t<div class=\"elementor-widget-container\">\n\t\t\t\t\t\t\t\t\t<p>Deniz T\u00fcrkba\u015f has over twenty years of experience in law. She earned her Bachelor of Science degree in Chemistry from Hofstra University in 1998 and obtained her Juris Doctor degree from New England School of Law in Boston, Massachusetts in 2001. T\u00fcrkba\u015f began her career as an Associate at Belsky Ross LLP, where she worked for five years. During this period, she handled matters involving real estate, commercial transactions, wills and testaments, trusts, family law, personal injury, medical malpractice, insurance, and various other legal areas, providing legal counseling services to her clients.<br>Afterward, T\u00fcrkba\u015f continued her career focusing on real estate law with the firm Kagin, Lubic, Lepper, Lewis, Gold &amp; Colbert LLP. Later, she worked on topics such as the Foreign Corrupt Practices Act and the Insider Trading and Securities Exchange Act. With this background and experience, she established T\u00fcrkba\u015f Law, a boutique law firm providing superior legal services to her clients.<br>T\u00fcrkba\u015f is also the author of the book Sweet Coincidences, which tells the story of her journey from Turkey to the United States of America. Published by K\u0131rm\u0131z\u0131 Kedi Publishing House, the book has been highly praised by many well-known media organizations and is available in major bookstores and online sales platforms.      <\/p>\t\t\t\t\t\t\t\t<\/div>\n\t\t\t\t<\/div>\n\t\t\t\t<\/div>\n\t\t\t\t\t<\/div>\n\t\t\t\t<\/div>\n\t\t\t\t<\/div>\n\t\t","protected":false},"excerpt":{"rendered":"<p>About Deniz T\u00fcrkba\u015f Author: Deniz T\u00fcrkba\u015f Deniz T\u00fcrkba\u015f has over twenty years of experience in law. She earned her Bachelor of Science degree in Chemistry from Hofstra University in 1998 and obtained her Juris Doctor degree from New England School of Law in Boston, Massachusetts in 2001. T\u00fcrkba\u015f began her career as an Associate at [&hellip;]<\/p>\n","protected":false},"author":1,"featured_media":0,"parent":0,"menu_order":0,"comment_status":"closed","ping_status":"closed","template":"","meta":{"_uag_custom_page_level_css":"","site-sidebar-layout":"no-sidebar","site-content-layout":"page-builder","ast-site-content-layout":"default","site-content-style":"default","site-sidebar-style":"default","ast-global-header-display":"","ast-banner-title-visibility":"","ast-main-header-display":"","ast-hfb-above-header-display":"","ast-hfb-below-header-display":"","ast-hfb-mobile-header-display":"","site-post-title":"disabled","ast-breadcrumbs-content":"disabled","ast-featured-img":"disabled","footer-sml-layout":"","ast-disable-related-posts":"","theme-transparent-header-meta":"enabled","adv-header-id-meta":"","stick-header-meta":"","header-above-stick-meta":"","header-main-stick-meta":"","header-below-stick-meta":"","astra-migrate-meta-layouts":"default","ast-page-background-enabled":"default","ast-page-background-meta":{"desktop":{"background-color":"","background-image":"","background-repeat":"repeat","background-position":"center center","background-size":"auto","background-attachment":"scroll","background-type":"","background-media":"","overlay-type":"","overlay-color":"","overlay-opacity":"","overlay-gradient":""},"tablet":{"background-color":"","background-image":"","background-repeat":"repeat","background-position":"center center","background-size":"auto","background-attachment":"scroll","background-type":"","background-media":"","overlay-type":"","overlay-color":"","overlay-opacity":"","overlay-gradient":""},"mobile":{"background-color":"","background-image":"","background-repeat":"repeat","background-position":"center center","background-size":"auto","background-attachment":"scroll","background-type":"","background-media":"","overlay-type":"","overlay-color":"","overlay-opacity":"","overlay-gradient":""}},"ast-content-background-meta":{"desktop":{"background-color":"var(--ast-global-color-5)","background-image":"","background-repeat":"repeat","background-position":"center center","background-size":"auto","background-attachment":"scroll","background-type":"","background-media":"","overlay-type":"","overlay-color":"","overlay-opacity":"","overlay-gradient":""},"tablet":{"background-color":"var(--ast-global-color-5)","background-image":"","background-repeat":"repeat","background-position":"center center","background-size":"auto","background-attachment":"scroll","background-type":"","background-media":"","overlay-type":"","overlay-color":"","overlay-opacity":"","overlay-gradient":""},"mobile":{"background-color":"var(--ast-global-color-5)","background-image":"","background-repeat":"repeat","background-position":"center center","background-size":"auto","background-attachment":"scroll","background-type":"","background-media":"","overlay-type":"","overlay-color":"","overlay-opacity":"","overlay-gradient":""}},"footnotes":""},"class_list":["post-3844","page","type-page","status-publish","hentry"],"uagb_featured_image_src":{"full":false,"thumbnail":false,"medium":false,"medium_large":false,"large":false,"1536x1536":false,"2048x2048":false},"uagb_author_info":{"display_name":"theadmin","author_link":"https:\/\/tatlitesadufler.com\/en\/author\/theadmin\/"},"uagb_comment_info":0,"uagb_excerpt":"About Deniz T\u00fcrkba\u015f Author: Deniz T\u00fcrkba\u015f Deniz T\u00fcrkba\u015f has over twenty years of experience in law. She earned her Bachelor of Science degree in Chemistry from Hofstra University in 1998 and obtained her Juris Doctor degree from New England School of Law in Boston, Massachusetts in 2001. T\u00fcrkba\u015f began her career as an Associate at&hellip;","_links":{"self":[{"href":"https:\/\/tatlitesadufler.com\/en\/wp-json\/wp\/v2\/pages\/3844","targetHints":{"allow":["GET"]}}],"collection":[{"href":"https:\/\/tatlitesadufler.com\/en\/wp-json\/wp\/v2\/pages"}],"about":[{"href":"https:\/\/tatlitesadufler.com\/en\/wp-json\/wp\/v2\/types\/page"}],"author":[{"embeddable":true,"href":"https:\/\/tatlitesadufler.com\/en\/wp-json\/wp\/v2\/users\/1"}],"replies":[{"embeddable":true,"href":"https:\/\/tatlitesadufler.com\/en\/wp-json\/wp\/v2\/comments?post=3844"}],"version-history":[{"count":1,"href":"https:\/\/tatlitesadufler.com\/en\/wp-json\/wp\/v2\/pages\/3844\/revisions"}],"predecessor-version":[{"id":3845,"href":"https:\/\/tatlitesadufler.com\/en\/wp-json\/wp\/v2\/pages\/3844\/revisions\/3845"}],"wp:attachment":[{"href":"https:\/\/tatlitesadufler.com\/en\/wp-json\/wp\/v2\/media?parent=3844"}],"curies":[{"name":"wp","href":"https:\/\/api.w.org\/{rel}","templated":true}]}}